{"id":26,"date":"2019-12-13T18:18:43","date_gmt":"2019-12-13T18:18:43","guid":{"rendered":"http:\/\/s175848825.online.de\/?page_id=26"},"modified":"2026-01-07T06:42:51","modified_gmt":"2026-01-07T06:42:51","slug":"home","status":"publish","type":"page","link":"https:\/\/zumschwan-liblar.de\/","title":{"rendered":"Home"},"content":{"rendered":"\t\t<div data-elementor-type=\"wp-page\" data-elementor-id=\"26\" class=\"elementor elementor-26\">\n\t\t\t\t\t\t<section class=\"elementor-section elementor-top-section elementor-element elementor-element-1c8f042b elementor-section-boxed elementor-section-height-default elementor-section-height-default\" data-id=\"1c8f042b\" data-element_type=\"section\" data-e-type=\"section\" data-settings=\"{&quot;background_background&quot;:&quot;classic&quot;,&quot;animation&quot;:&quot;none&quot;}\">\n\t\t\t\t\t\t\t<div class=\"elementor-background-overlay\"><\/div>\n\t\t\t\t\t\t\t<div class=\"elementor-container elementor-column-gap-default\">\n\t\t\t\t\t<div class=\"elementor-column elementor-col-100 elementor-top-column elementor-element elementor-element-1541c852\" data-id=\"1541c852\" data-element_type=\"column\" data-e-type=\"column\" data-settings=\"{&quot;background_background&quot;:&quot;slideshow&quot;,&quot;background_slideshow_gallery&quot;:[],&quot;background_slideshow_loop&quot;:&quot;yes&quot;,&quot;background_slideshow_slide_duration&quot;:5000,&quot;background_slideshow_slide_transition&quot;:&quot;fade&quot;,&quot;background_slideshow_transition_duration&quot;:500}\">\n\t\t\t<div class=\"elementor-widget-wrap elementor-element-populated\">\n\t\t\t\t\t\t<div class=\"elementor-element elementor-element-1cf9033d elementor-widget__width-initial elementor-widget-mobile__width-initial elementor-widget elementor-widget-text-editor\" data-id=\"1cf9033d\" data-element_type=\"widget\" data-e-type=\"widget\" data-widget_type=\"text-editor.default\">\n\t\t\t\t<div class=\"elementor-widget-container\">\n\t\t\t\t\t\t\t\t\t<h2 style=\"text-align: center;\">\u00a0<\/h2><h2><span style=\"caret-color: #ffc800; color: #ffffff;\">Wir freuen uns, dass Sie auf der Suche nach einem Hotel auf unsere Website gesto\u00dfen sind. <\/span><span style=\"color: #ffffff;\">Unser im Jahr 1887 erbautes Gasthaus, wurde nach einem Brand im Jahre 2001 komplett saniert und auch in den letzten Jahren immer liebevoll instand gehalten. Das Hotel liegt verkehrsg\u00fcnstig zu den Messen in K\u00f6ln und D\u00fcsseldorf.\u00a0<\/span><\/h2><h2><span style=\"color: #ffffff;\">Ob gesch\u00e4ftlich oder privat, wir nehmen Ihre Buchungsanfragen gerne per Mail <\/span><span style=\"color: #ffffff;\">oder telefonisch entgegen. <\/span><\/h2><h2><span style=\"color: #ffffff;\">Herzliche Gr\u00fc\u00dfe, <\/span><\/h2><h2><span style=\"color: #ffffff;\">Ihr Gasthaus Zum Schwan &#8211; Hotel Garni<\/span><\/h2><h1>\u00a0<\/h1><div>\u00a0<\/div><div>\u00a0<\/div>\t\t\t\t\t\t\t\t<\/div>\n\t\t\t\t<\/div>\n\t\t\t\t\t<\/div>\n\t\t<\/div>\n\t\t\t\t\t<\/div>\n\t\t<\/section>\n\t\t\t\t<section class=\"elementor-section elementor-top-section elementor-element elementor-element-61742a7 elementor-section-boxed elementor-section-height-default elementor-section-height-default\" data-id=\"61742a7\" data-element_type=\"section\" data-e-type=\"section\">\n\t\t\t\t\t\t<div class=\"elementor-container elementor-column-gap-no\">\n\t\t\t\t\t<div class=\"elementor-column elementor-col-100 elementor-top-column elementor-element elementor-element-9711e14\" data-id=\"9711e14\" data-element_type=\"column\" data-e-type=\"column\">\n\t\t\t<div class=\"elementor-widget-wrap elementor-element-populated\">\n\t\t\t\t\t\t<div class=\"elementor-element elementor-element-bf3931a elementor-widget elementor-widget-image\" data-id=\"bf3931a\" data-element_type=\"widget\" data-e-type=\"widget\" data-widget_type=\"image.default\">\n\t\t\t\t<div class=\"elementor-widget-container\">\n\t\t\t\t\t\t\t\t\t\t\t\t\t\t\t<img decoding=\"async\" width=\"300\" height=\"58\" src=\"https:\/\/zumschwan-liblar.de\/wp-content\/uploads\/2019\/12\/psd-Kopie-300x58.gif\" class=\"attachment-medium size-medium wp-image-19\" alt=\"\" \/>\t\t\t\t\t\t\t\t\t\t\t\t\t\t\t<\/div>\n\t\t\t\t<\/div>\n\t\t\t\t\t<\/div>\n\t\t<\/div>\n\t\t\t\t\t<\/div>\n\t\t<\/section>\n\t\t\t\t<\/div>\n\t\t","protected":false},"excerpt":{"rendered":"<p>\u00a0 Wir freuen uns, dass Sie auf der Suche nach einem Hotel auf unsere Website gesto\u00dfen sind. Unser im Jahr 1887 erbautes Gasthaus, wurde nach einem Brand im Jahre 2001 komplett saniert und auch in den letzten Jahren immer liebevoll instand gehalten. Das Hotel liegt verkehrsg\u00fcnstig zu den Messen in K\u00f6ln und D\u00fcsseldorf.\u00a0 Ob gesch\u00e4ftlich [&hellip;]<\/p>\n","protected":false},"author":1,"featured_media":0,"parent":0,"menu_order":0,"comment_status":"closed","ping_status":"closed","template":"","meta":{"footnotes":""},"class_list":["post-26","page","type-page","status-publish","hentry","entry"],"jetpack_sharing_enabled":true,"_links":{"self":[{"href":"https:\/\/zumschwan-liblar.de\/index.php?rest_route=\/wp\/v2\/pages\/26","targetHints":{"allow":["GET"]}}],"collection":[{"href":"https:\/\/zumschwan-liblar.de\/index.php?rest_route=\/wp\/v2\/pages"}],"about":[{"href":"https:\/\/zumschwan-liblar.de\/index.php?rest_route=\/wp\/v2\/types\/page"}],"author":[{"embeddable":true,"href":"https:\/\/zumschwan-liblar.de\/index.php?rest_route=\/wp\/v2\/users\/1"}],"replies":[{"embeddable":true,"href":"https:\/\/zumschwan-liblar.de\/index.php?rest_route=%2Fwp%2Fv2%2Fcomments&post=26"}],"version-history":[{"count":464,"href":"https:\/\/zumschwan-liblar.de\/index.php?rest_route=\/wp\/v2\/pages\/26\/revisions"}],"predecessor-version":[{"id":1216,"href":"https:\/\/zumschwan-liblar.de\/index.php?rest_route=\/wp\/v2\/pages\/26\/revisions\/1216"}],"wp:attachment":[{"href":"https:\/\/zumschwan-liblar.de\/index.php?rest_route=%2Fwp%2Fv2%2Fmedia&parent=26"}],"curies":[{"name":"wp","href":"https:\/\/api.w.org\/{rel}","templated":true}]}}