{"id":37,"date":"2019-12-13T18:23:24","date_gmt":"2019-12-13T18:23:24","guid":{"rendered":"http:\/\/s175848825.online.de\/?page_id=37"},"modified":"2026-04-10T13:26:29","modified_gmt":"2026-04-10T13:26:29","slug":"hotel","status":"publish","type":"page","link":"https:\/\/zumschwan-liblar.de\/?page_id=37","title":{"rendered":"Zimmer \/ Preise"},"content":{"rendered":"\t\t<div data-elementor-type=\"wp-page\" data-elementor-id=\"37\" class=\"elementor elementor-37\">\n\t\t\t\t\t\t<section class=\"elementor-section elementor-top-section elementor-element elementor-element-120e49e7 elementor-section-content-middle elementor-reverse-mobile elementor-section-boxed elementor-section-height-default elementor-section-height-default\" data-id=\"120e49e7\" data-element_type=\"section\" data-e-type=\"section\">\n\t\t\t\t\t\t<div class=\"elementor-container elementor-column-gap-default\">\n\t\t\t\t\t<div class=\"elementor-column elementor-col-100 elementor-top-column elementor-element elementor-element-c15340f\" data-id=\"c15340f\" data-element_type=\"column\" data-e-type=\"column\">\n\t\t\t<div class=\"elementor-widget-wrap elementor-element-populated\">\n\t\t\t\t\t\t<div class=\"elementor-element elementor-element-679bf37 elementor-widget elementor-widget-text-editor\" data-id=\"679bf37\" data-element_type=\"widget\" data-e-type=\"widget\" data-widget_type=\"text-editor.default\">\n\t\t\t\t<div class=\"elementor-widget-container\">\n\t\t\t\t\t\t\t\t\t<p><strong><span style=\"color: #000000; --darkreader-inline-color: #000000;\" data-darkreader-inline-color=\"\">In unserem Hause stehen Ihnen mehrere Doppelzimmer und Einzelzimmer zur Verf\u00fcgung.&nbsp;<\/span><\/strong><br><strong><span style=\"color: #000000; --darkreader-inline-color: #000000;\" data-darkreader-inline-color=\"\">Alle Zimmer verf\u00fcgen \u00fcber ein eigenes modernes Bad mit Dusche \/ WC, F\u00f6n, Flachbild-TV und kostenloses WLAN.<\/span><\/strong><\/p>\n<p><strong><span style=\"color: #000000; --darkreader-inline-color: #000000;\" data-darkreader-inline-color=\"\"> Auf unserem hauseigenen Parkplatz stehen Ihnen ausreichend Pl\u00e4tze zur Verf\u00fcgung.<\/span><\/strong><\/p>\n<p><strong><span style=\"color: #000000; --darkreader-inline-color: #000000;\" data-darkreader-inline-color=\"\">&nbsp;<\/span><\/strong><\/p>\n<p><strong><span style=\"text-decoration: underline;\">Zimmerpreise auf Anfrage<\/span><\/strong><\/p>\n<p><strong>Anreise: ab 15 &#8211; 18 Uhr &nbsp;\/&nbsp;Abreise: bis 11 Uhr<\/strong><\/p>\n<p><strong>Abweichende Anreisezeiten sind nach R\u00fccksprache m\u00f6glich!<\/strong><\/p>\n<p><strong>&nbsp;<\/strong><strong style=\"font-size: 19px; letter-spacing: 0.3px;\">Reservierungsanfragen gerne per Mail oder telefonisch.<\/strong><\/p>\n<p><strong><span style=\"color: #000000; --darkreader-inline-color: #000000;\" data-darkreader-inline-color=\"\">Wir freuen uns darauf, Sie als unsere G\u00e4ste begr\u00fc\u00dfen zu d\u00fcrfen.<\/span><\/strong><\/p>\t\t\t\t\t\t\t\t<\/div>\n\t\t\t\t<\/div>\n\t\t\t\t<div class=\"elementor-element elementor-element-0e6e150 elementor-widget elementor-widget-image\" data-id=\"0e6e150\" data-element_type=\"widget\" data-e-type=\"widget\" data-widget_type=\"image.default\">\n\t\t\t\t<div class=\"elementor-widget-container\">\n\t\t\t\t\t\t\t\t\t\t\t\t\t\t\t<img decoding=\"async\" src=\"https:\/\/zumschwan-liblar.de\/wp-content\/uploads\/elementor\/thumbs\/Collage-2-scaled-q1nqv46lbd104tj4ou856whokudo0c08i9p0x8gxag.jpg\" title=\"Collage-2\" alt=\"Collage-2\" loading=\"lazy\" \/>\t\t\t\t\t\t\t\t\t\t\t\t\t\t\t<\/div>\n\t\t\t\t<\/div>\n\t\t\t\t\t<\/div>\n\t\t<\/div>\n\t\t\t\t\t<\/div>\n\t\t<\/section>\n\t\t\t\t<\/div>\n\t\t","protected":false},"excerpt":{"rendered":"<p>In unserem Hause stehen Ihnen mehrere Doppelzimmer und Einzelzimmer zur Verf\u00fcgung.&nbsp;Alle Zimmer verf\u00fcgen \u00fcber ein eigenes modernes Bad mit Dusche \/ WC, F\u00f6n, Flachbild-TV und kostenloses WLAN. Auf unserem hauseigenen Parkplatz stehen Ihnen ausreichend Pl\u00e4tze zur Verf\u00fcgung. &nbsp; Zimmerpreise auf Anfrage Anreise: ab 15 &#8211; 18 Uhr &nbsp;\/&nbsp;Abreise: bis 11 Uhr Abweichende Anreisezeiten sind nach [&hellip;]<\/p>\n","protected":false},"author":1,"featured_media":0,"parent":0,"menu_order":0,"comment_status":"closed","ping_status":"closed","template":"","meta":{"footnotes":""},"class_list":["post-37","page","type-page","status-publish","hentry","entry"],"jetpack_sharing_enabled":true,"_links":{"self":[{"href":"https:\/\/zumschwan-liblar.de\/index.php?rest_route=\/wp\/v2\/pages\/37","targetHints":{"allow":["GET"]}}],"collection":[{"href":"https:\/\/zumschwan-liblar.de\/index.php?rest_route=\/wp\/v2\/pages"}],"about":[{"href":"https:\/\/zumschwan-liblar.de\/index.php?rest_route=\/wp\/v2\/types\/page"}],"author":[{"embeddable":true,"href":"https:\/\/zumschwan-liblar.de\/index.php?rest_route=\/wp\/v2\/users\/1"}],"replies":[{"embeddable":true,"href":"https:\/\/zumschwan-liblar.de\/index.php?rest_route=%2Fwp%2Fv2%2Fcomments&post=37"}],"version-history":[{"count":147,"href":"https:\/\/zumschwan-liblar.de\/index.php?rest_route=\/wp\/v2\/pages\/37\/revisions"}],"predecessor-version":[{"id":1221,"href":"https:\/\/zumschwan-liblar.de\/index.php?rest_route=\/wp\/v2\/pages\/37\/revisions\/1221"}],"wp:attachment":[{"href":"https:\/\/zumschwan-liblar.de\/index.php?rest_route=%2Fwp%2Fv2%2Fmedia&parent=37"}],"curies":[{"name":"wp","href":"https:\/\/api.w.org\/{rel}","templated":true}]}}