{"id":41,"date":"2019-12-13T18:39:14","date_gmt":"2019-12-13T18:39:14","guid":{"rendered":"http:\/\/www.s175848825.online.de\/?page_id=41"},"modified":"2025-12-14T12:18:05","modified_gmt":"2025-12-14T12:18:05","slug":"impressum","status":"publish","type":"page","link":"https:\/\/zumschwan-liblar.de\/?page_id=41","title":{"rendered":"Impressum"},"content":{"rendered":"<h4>Impressum<\/h4>\n<h5>Anbieterkennzeichnung gem\u00e4\u00df \u00a75 Telemediengesetz (TMG)<\/h5>\n<p><strong>Gasthaus Zum Schwan<\/strong> &#8211; Hotel Garni<br \/>\nCarl-Schurz-Str. 120<br \/>\n50374 Erftstadt<br \/>\nTelefon: +49 2235 -986378<br \/>\nTelefax: +49 2235 -986379<br \/>\n<strong><u><a style=\"color: #000000\" href=\"mailto:info@zumschwan-liblar.de\" data-darkreader-inline-color=\"\">zumschwan@gmx.de<\/a><\/u><\/strong><\/p>\n<p>Sitz des Unternehmens: Erftstadt<br \/>\nAufsichtsbeh\u00f6rde: Ordnungsamt Erftstadt<br \/>\nSteuer-Nr. : 211\/5010\/3105<br \/>\nUSt.- Nr. : 224\/5034\/3180<br \/>\nInhaber: Daniel Breuer<\/p>\n<p><strong>Unsere allgemeinen Datenschutzbestimmungen<\/strong><br \/>\nMit der Eingabe Ihrer pers\u00f6nlichen Daten willigen Sie ein, dass wir Ihre personenbezogenen Daten zu Kundenbindungszwecken automatisiert erheben, verarbeiten und nutzen. Eine Weitergabe an Dritte erfolgt nicht.<\/p>\n<p>Das Gasthaus Zum Schwan freut sich \u00fcber Ihren Besuch auf der Webseite sowie \u00fcber Ihr Interesse an unserem Unternehmen.<\/p>\n<p>Das Gasthaus Zum Schwan nimmt den Schutz Ihrer pers\u00f6nlichen Daten ernst und m\u00f6chte, dass Sie sich beim Besuch der Internet-Seite wohl f\u00fchlen. Der Schutz Ihrer Privatsph\u00e4re bei der Verarbeitung pers\u00f6nlicher Daten ist f\u00fcr uns ein wichtiges Anliegen, das wir bei unseren Gesch\u00e4ftsprozessen ber\u00fccksichtigen.<\/p>\n<p>Wir verarbeiten pers\u00f6nliche Daten, die beim Besuch unserer Webseite erhoben werden, unter Beachtung des Bundesdatenschutzgesetzes (BDSG) und des Teledienstdatenschutzgesetzes (TDDSG). Die Daten werden gespeichert und vertraulich behandelt. Die Datenschutzerkl\u00e4rung erstreckt sich nicht auf Webseiten anderer Anbieter, die mit diesem Angebot verlinkt sind. Der Wechsel auf die Webseiten anderer Unternehmen ist von uns erkennbar gestaltet.<\/p>\n<p>Dar\u00fcber hinaus werden von uns nur pers\u00f6nliche Daten gespeichert, wenn Sie uns diese von sich aus freiwillig angeben, z.B. im Rahmen einer Registrierung oder bei Umfragen.<\/p>\n<p><strong>Hinweise zu externen Links<\/strong><br \/>\nDas Landgericht Hamburg hat mit Urteil vom 12.05.1998 entschieden, dass man durch die Ausbringung eines Links die Inhalte der gelinkten Seite ggf. mit zu verantworten hat. Dies kann \u2013 so das LG \u2013 nur dadurch verhindert werden, dass man sich ausdr\u00fccklich von diesen Inhalten distanziert. Wir haben auf unserer Seite Links zu anderen Seiten im Internet gelegt. F\u00fcr alle diese Links gilt: Wir m\u00f6chten ausdr\u00fccklich betonen, dass wir keinerlei Einfluss auf die Gestaltung und die Inhalte der gelinkten Seiten haben. Deshalb distanzieren wir uns hiermit ausdr\u00fccklich von allen Inhalten aller gelinkten Seiten auf unserer gesamten Website inkl. aller Unterseiten. Diese Erkl\u00e4rung gilt f\u00fcr alle auf unserer Homepage ausgebrachten Links und f\u00fcr alle Inhalte der Seiten, zu denen Links oder Banner f\u00fchren.<\/p>\n<p><img decoding=\"async\" src=\"https:\/\/zumschwan-liblar.de\/wp-content\/uploads\/2019\/12\/psd-Kopie.gif\" width=\"500\" height=\"96\" alt=\"\"><\/p>\n","protected":false},"excerpt":{"rendered":"<p>Impressum Anbieterkennzeichnung gem\u00e4\u00df \u00a75 Telemediengesetz (TMG) Gasthaus Zum Schwan &#8211; Hotel Garni Carl-Schurz-Str. 120 50374 Erftstadt Telefon: +49 2235 -986378 Telefax: +49 2235 -986379 zumschwan@gmx.de Sitz des Unternehmens: Erftstadt Aufsichtsbeh\u00f6rde: Ordnungsamt Erftstadt Steuer-Nr. : 211\/5010\/3105 USt.- Nr. : 224\/5034\/3180 Inhaber: Daniel Breuer Unsere allgemeinen Datenschutzbestimmungen Mit der Eingabe Ihrer pers\u00f6nlichen Daten willigen Sie ein, dass [&hellip;]<\/p>\n","protected":false},"author":1,"featured_media":0,"parent":0,"menu_order":0,"comment_status":"closed","ping_status":"closed","template":"","meta":{"footnotes":""},"class_list":["post-41","page","type-page","status-publish","hentry","entry"],"jetpack_sharing_enabled":true,"_links":{"self":[{"href":"https:\/\/zumschwan-liblar.de\/index.php?rest_route=\/wp\/v2\/pages\/41","targetHints":{"allow":["GET"]}}],"collection":[{"href":"https:\/\/zumschwan-liblar.de\/index.php?rest_route=\/wp\/v2\/pages"}],"about":[{"href":"https:\/\/zumschwan-liblar.de\/index.php?rest_route=\/wp\/v2\/types\/page"}],"author":[{"embeddable":true,"href":"https:\/\/zumschwan-liblar.de\/index.php?rest_route=\/wp\/v2\/users\/1"}],"replies":[{"embeddable":true,"href":"https:\/\/zumschwan-liblar.de\/index.php?rest_route=%2Fwp%2Fv2%2Fcomments&post=41"}],"version-history":[{"count":51,"href":"https:\/\/zumschwan-liblar.de\/index.php?rest_route=\/wp\/v2\/pages\/41\/revisions"}],"predecessor-version":[{"id":1174,"href":"https:\/\/zumschwan-liblar.de\/index.php?rest_route=\/wp\/v2\/pages\/41\/revisions\/1174"}],"wp:attachment":[{"href":"https:\/\/zumschwan-liblar.de\/index.php?rest_route=%2Fwp%2Fv2%2Fmedia&parent=41"}],"curies":[{"name":"wp","href":"https:\/\/api.w.org\/{rel}","templated":true}]}}