{"id":427,"date":"2020-02-10T10:33:34","date_gmt":"2020-02-10T10:33:34","guid":{"rendered":"https:\/\/zumschwan-liblar.de\/?page_id=427"},"modified":"2023-12-07T08:45:09","modified_gmt":"2023-12-07T08:45:09","slug":"stornobedingungen","status":"publish","type":"page","link":"https:\/\/zumschwan-liblar.de\/?page_id=427","title":{"rendered":"Stornobedingungen"},"content":{"rendered":"\t\t<div data-elementor-type=\"wp-page\" data-elementor-id=\"427\" class=\"elementor elementor-427\">\n\t\t\t\t\t\t<section class=\"elementor-section elementor-top-section elementor-element elementor-element-68f9aed2 elementor-section-content-middle elementor-section-stretched elementor-section-boxed elementor-section-height-default elementor-section-height-default\" data-id=\"68f9aed2\" data-element_type=\"section\" data-e-type=\"section\" data-settings=\"{&quot;background_background&quot;:&quot;classic&quot;,&quot;stretch_section&quot;:&quot;section-stretched&quot;}\">\n\t\t\t\t\t\t<div class=\"elementor-container elementor-column-gap-no\">\n\t\t\t\t\t<div class=\"elementor-column elementor-col-100 elementor-top-column elementor-element elementor-element-33443ce7\" data-id=\"33443ce7\" data-element_type=\"column\" data-e-type=\"column\">\n\t\t\t<div class=\"elementor-widget-wrap elementor-element-populated\">\n\t\t\t\t\t\t<div class=\"elementor-element elementor-element-7b64c465 elementor-widget elementor-widget-heading\" data-id=\"7b64c465\" data-element_type=\"widget\" data-e-type=\"widget\" data-widget_type=\"heading.default\">\n\t\t\t\t<div class=\"elementor-widget-container\">\n\t\t\t\t\t<h4 class=\"elementor-heading-title elementor-size-default\">Stornobedingungen<\/h4>\t\t\t\t<\/div>\n\t\t\t\t<\/div>\n\t\t\t\t<div class=\"elementor-element elementor-element-545746f elementor-widget__width-inherit elementor-widget elementor-widget-text-editor\" data-id=\"545746f\" data-element_type=\"widget\" data-e-type=\"widget\" data-widget_type=\"text-editor.default\">\n\t\t\t\t<div class=\"elementor-widget-container\">\n\t\t\t\t\t\t\t\t\t<h4>\u00a0<\/h4><h1 class=\"subtitel\"><span style=\"color: #000000;\">Stornierung<\/span><\/h1><h3 style=\"text-align: center;\"><span style=\"color: #000000;\"><strong>Es kann immer etwas passieren. Jedoch ist es f\u00fcr alle schade, wenn jemand nicht kommt und die Zimmer frei bleiben, obwohl andere gern gekommen w\u00e4ren. Bitte informieren Sie uns rechtzeitig! Sollten Sie einen gebuchten Hotelaufenthalt versp\u00e4tet bzw. gar nicht antreten oder fr\u00fchzeitig abbrechen, k\u00f6nnen laut EU-Normen Stornogeb\u00fchren weiterverrechnet werden. \u00a0Bei vorzeitiger Abreise oder R\u00fccktritt von der Reise (Stornierung Ihres Aufenthaltes durch schriftliche Erkl\u00e4rung) fallen folgende Stornogeb\u00fchren an:<\/strong><\/span><\/h3><h3 style=\"text-align: center;\"><span style=\"color: #000000;\"><strong>&#8211; bis 21 Tage vor dem Ankunftstag: keine Stornogeb\u00fchren<\/strong><\/span><br \/><span style=\"color: #000000;\"><strong>&#8211; ab 20 bis 8 Tage vor dem Ankunftstag: 50 % des vereinbarten Gesamtpreises<\/strong><\/span><br \/><span style=\"color: #000000;\"><strong>&#8211; weniger als 8 Tage vor dem Ankunftstag oder Nichtanreise: 90 % des vereinbarten Gesamtpreises <\/strong><\/span><\/h3><h3 style=\"text-align: center;\">\u00a0<\/h3><h1 class=\"subtitel\"><span style=\"color: #000000;\">Vorzeitige Abreise<\/span><\/h1><h3><span style=\"color: #000000;\"><strong>Im Falle der vorzeitigen Abreise ist der Gast bzw. der Besteller zur Bezahlung des Preises f\u00fcr die genossenen Tage und zur Bezahlung von 70 % des vereinbarten Preises f\u00fcr die vereinbarten restlichen, aber nicht in Anspruch genommenen Dienstleistungen verpflichtet.\u00a0<\/strong><\/span><\/h3>\t\t\t\t\t\t\t\t<\/div>\n\t\t\t\t<\/div>\n\t\t\t\t<div class=\"elementor-element elementor-element-1b11ac7f elementor-widget__width-initial elementor-widget elementor-widget-heading\" data-id=\"1b11ac7f\" data-element_type=\"widget\" data-e-type=\"widget\" data-settings=\"{&quot;_animation&quot;:&quot;none&quot;}\" data-widget_type=\"heading.default\">\n\t\t\t\t<div class=\"elementor-widget-container\">\n\t\t\t\t\t<h5 class=\"elementor-heading-title elementor-size-default\">\n<\/h5>\t\t\t\t<\/div>\n\t\t\t\t<\/div>\n\t\t\t\t\t<\/div>\n\t\t<\/div>\n\t\t\t\t\t<\/div>\n\t\t<\/section>\n\t\t\t\t<\/div>\n\t\t","protected":false},"excerpt":{"rendered":"<p>Stornobedingungen \u00a0 Stornierung Es kann immer etwas passieren. Jedoch ist es f\u00fcr alle schade, wenn jemand nicht kommt und die Zimmer frei bleiben, obwohl andere gern gekommen w\u00e4ren. Bitte informieren Sie uns rechtzeitig! Sollten Sie einen gebuchten Hotelaufenthalt versp\u00e4tet bzw. gar nicht antreten oder fr\u00fchzeitig abbrechen, k\u00f6nnen laut EU-Normen Stornogeb\u00fchren weiterverrechnet werden. \u00a0Bei vorzeitiger Abreise [&hellip;]<\/p>\n","protected":false},"author":1,"featured_media":0,"parent":0,"menu_order":0,"comment_status":"closed","ping_status":"closed","template":"","meta":{"footnotes":""},"class_list":["post-427","page","type-page","status-publish","hentry","entry"],"jetpack_sharing_enabled":true,"_links":{"self":[{"href":"https:\/\/zumschwan-liblar.de\/index.php?rest_route=\/wp\/v2\/pages\/427","targetHints":{"allow":["GET"]}}],"collection":[{"href":"https:\/\/zumschwan-liblar.de\/index.php?rest_route=\/wp\/v2\/pages"}],"about":[{"href":"https:\/\/zumschwan-liblar.de\/index.php?rest_route=\/wp\/v2\/types\/page"}],"author":[{"embeddable":true,"href":"https:\/\/zumschwan-liblar.de\/index.php?rest_route=\/wp\/v2\/users\/1"}],"replies":[{"embeddable":true,"href":"https:\/\/zumschwan-liblar.de\/index.php?rest_route=%2Fwp%2Fv2%2Fcomments&post=427"}],"version-history":[{"count":23,"href":"https:\/\/zumschwan-liblar.de\/index.php?rest_route=\/wp\/v2\/pages\/427\/revisions"}],"predecessor-version":[{"id":959,"href":"https:\/\/zumschwan-liblar.de\/index.php?rest_route=\/wp\/v2\/pages\/427\/revisions\/959"}],"wp:attachment":[{"href":"https:\/\/zumschwan-liblar.de\/index.php?rest_route=%2Fwp%2Fv2%2Fmedia&parent=427"}],"curies":[{"name":"wp","href":"https:\/\/api.w.org\/{rel}","templated":true}]}}